{"id":179,"date":"2020-11-02T10:12:13","date_gmt":"2020-11-02T10:12:13","guid":{"rendered":"http:\/\/lebenshilfe-cham.de\/?page_id=179"},"modified":"2023-11-22T11:13:34","modified_gmt":"2023-11-22T11:13:34","slug":"verein","status":"publish","type":"page","link":"https:\/\/www.lebenshilfe-cham.de\/?page_id=179","title":{"rendered":"Wissenswert"},"content":{"rendered":"\t\t<div data-elementor-type=\"wp-post\" data-elementor-id=\"179\" class=\"elementor elementor-179\" data-elementor-settings=\"[]\">\n\t\t\t\t\t\t<div class=\"elementor-inner\">\n\t\t\t\t\t\t\t<div class=\"elementor-section-wrap\">\n\t\t\t\t\t\t\t<section class=\"elementor-section elementor-top-section elementor-element elementor-element-46dbb8ee elementor-section-boxed elementor-section-height-default elementor-section-height-default\" data-id=\"46dbb8ee\" data-element_type=\"section\">\n\t\t\t\t\t\t<div class=\"elementor-container elementor-column-gap-default\">\n\t\t\t\t\t\t\t<div class=\"elementor-row\">\n\t\t\t\t\t<div class=\"elementor-column elementor-col-100 elementor-top-column elementor-element elementor-element-22da4baa\" data-id=\"22da4baa\" data-element_type=\"column\">\n\t\t\t<div class=\"elementor-column-wrap elementor-element-populated\">\n\t\t\t\t\t\t\t<div class=\"elementor-widget-wrap\">\n\t\t\t\t\t\t<div class=\"elementor-element elementor-element-30685b5b elementor-widget elementor-widget-spacer\" data-id=\"30685b5b\" data-element_type=\"widget\" data-widget_type=\"spacer.default\">\n\t\t\t\t<div class=\"elementor-widget-container\">\n\t\t\t\t\t<div class=\"elementor-spacer\">\n\t\t\t<div class=\"elementor-spacer-inner\"><\/div>\n\t\t<\/div>\n\t\t\t\t<\/div>\n\t\t\t\t<\/div>\n\t\t\t\t\t\t<\/div>\n\t\t\t\t\t<\/div>\n\t\t<\/div>\n\t\t\t\t\t\t\t\t<\/div>\n\t\t\t\t\t<\/div>\n\t\t<\/section>\n\t\t\t\t<section class=\"elementor-section elementor-top-section elementor-element elementor-element-52cfa654 elementor-section-boxed elementor-section-height-default elementor-section-height-default\" data-id=\"52cfa654\" data-element_type=\"section\">\n\t\t\t\t\t\t<div class=\"elementor-container elementor-column-gap-default\">\n\t\t\t\t\t\t\t<div class=\"elementor-row\">\n\t\t\t\t\t<div class=\"elementor-column elementor-col-100 elementor-top-column elementor-element elementor-element-6a6c722\" data-id=\"6a6c722\" data-element_type=\"column\">\n\t\t\t<div class=\"elementor-column-wrap elementor-element-populated\">\n\t\t\t\t\t\t\t<div class=\"elementor-widget-wrap\">\n\t\t\t\t\t\t<div class=\"elementor-element elementor-element-10675376 elementor-widget elementor-widget-heading\" data-id=\"10675376\" data-element_type=\"widget\" data-widget_type=\"heading.default\">\n\t\t\t\t<div class=\"elementor-widget-container\">\n\t\t\t<h2 class=\"elementor-heading-title elementor-size-large\">Wissenswert<\/h2>\t\t<\/div>\n\t\t\t\t<\/div>\n\t\t\t\t\t\t<\/div>\n\t\t\t\t\t<\/div>\n\t\t<\/div>\n\t\t\t\t\t\t\t\t<\/div>\n\t\t\t\t\t<\/div>\n\t\t<\/section>\n\t\t\t\t<section class=\"elementor-section elementor-top-section elementor-element elementor-element-30580c02 elementor-section-boxed elementor-section-height-default elementor-section-height-default\" data-id=\"30580c02\" data-element_type=\"section\">\n\t\t\t\t\t\t<div class=\"elementor-container elementor-column-gap-default\">\n\t\t\t\t\t\t\t<div class=\"elementor-row\">\n\t\t\t\t\t<div class=\"elementor-column elementor-col-100 elementor-top-column elementor-element elementor-element-47d0ba47\" data-id=\"47d0ba47\" data-element_type=\"column\">\n\t\t\t<div class=\"elementor-column-wrap elementor-element-populated\">\n\t\t\t\t\t\t\t<div class=\"elementor-widget-wrap\">\n\t\t\t\t\t\t<div class=\"elementor-element elementor-element-415fbf85 elementor-widget elementor-widget-text-editor\" data-id=\"415fbf85\" data-element_type=\"widget\" data-widget_type=\"text-editor.default\">\n\t\t\t\t<div class=\"elementor-widget-container\">\n\t\t\t\t\t\t\t\t<div class=\"elementor-text-editor elementor-clearfix\">\n\t\t\t\t<p><b>Pressemeldung 12.10.2023:<\/b><\/p><p><b><br><\/b><\/p>\n<p>\n<\/p><p>In den Behindertenwerkst\u00e4tten Oberpfalz Betreuungs-GmbH und den dazugeh\u00f6rigen Wohnheimen hat sich ein F\u00fchrungswechsel vollzogen.<\/p>\n<p>Bernhard Reiser hat seit 1999 die Geschicke der \nWolfgang-Spie\u00dfl-Wohnst\u00e4tte im Zentrum Chams sowie des \nAugustin-Maierhofer-Wohnheims in Cham-Janahof, erfolgreich gelenkt. Nach\n 24 Jahren gab er die Leitungsfunktion an Herrn Markus Probst ab und \nbleibt dem Unternehmen als erfahrener Mitarbeiter im Sozialdienst der \nWerkst\u00e4tten treu. Probst war seit 2014 als Gruppenleitung in den \nWerkst\u00e4tten t\u00e4tig und hat mit der \u00dcbernahme der Wohnheimleitung seit \n01.10.2023 einen konsequenten Schritt auf seiner Karriereleiter \nvollzogen.<\/p><p><\/p><p><br><\/p><p><img decoding=\"async\" loading=\"lazy\" src=\"http:\/\/www.lebenshilfe-cham.de\/wp-content\/uploads\/2023\/11\/Wohnheim_Wechsel_1-300x234.jpg\" alt=\"\" width=\"300\" height=\"234\"><\/p><p>\n<\/p><p>\n<\/p><p>Gesch\u00e4ftsf\u00fchrerin Katharina Keber freut sich \u00fcber den reibungslos verlaufenen F\u00fchrungswechsel.<\/p>\n<p>\n<\/p><p><style>@font-face<br \/>\t{font-family:\"Cambria Math\";<br \/>\tpanose-1:2 4 5 3 5 4 6 3 2 4;<br \/>\tmso-font-charset:0;<br \/>\tmso-generic-font-family:roman;<br \/>\tmso-font-pitch:variable;<br \/>\tmso-font-signature:-536870145 1107305727 0 0 415 0;}@font-face<br \/>\t{font-family:Calibri;<br \/>\tpanose-1:2 15 5 2 2 2 4 3 2 4;<br \/>\tmso-font-charset:0;<br \/>\tmso-generic-font-family:swiss;<br \/>\tmso-font-pitch:variable;<br \/>\tmso-font-signature:-469750017 -1073732485 9 0 511 0;}p.MsoNormal, li.MsoNormal, div.MsoNormal<br \/>\t{mso-style-unhide:no;<br \/>\tmso-style-qformat:yes;<br \/>\tmso-style-parent:\"\";<br \/>\tmargin-top:0cm;<br \/>\tmargin-right:0cm;<br \/>\tmargin-bottom:8.0pt;<br \/>\tmargin-left:0cm;<br \/>\tline-height:105%;<br \/>\tmso-pagination:widow-orphan;<br \/>\tfont-size:11.0pt;<br \/>\tfont-family:\"Calibri\",sans-serif;<br \/>\tmso-fareast-font-family:Calibri;<br \/>\tmso-fareast-theme-font:minor-latin;<br \/>\tmso-fareast-language:EN-US;}.MsoChpDefault<br \/>\t{mso-style-type:export-only;<br \/>\tmso-default-props:yes;<br \/>\tfont-size:11.0pt;<br \/>\tmso-ansi-font-size:11.0pt;<br \/>\tmso-bidi-font-size:11.0pt;<br \/>\tfont-family:\"Calibri\",sans-serif;<br \/>\tmso-ascii-font-family:Calibri;<br \/>\tmso-ascii-theme-font:minor-latin;<br \/>\tmso-fareast-font-family:Calibri;<br \/>\tmso-fareast-theme-font:minor-latin;<br \/>\tmso-hansi-font-family:Calibri;<br \/>\tmso-hansi-theme-font:minor-latin;<br \/>\tmso-bidi-font-family:\"Times New Roman\";<br \/>\tmso-bidi-theme-font:minor-bidi;<br \/>\tmso-fareast-language:EN-US;}.MsoPapDefault<br \/>\t{mso-style-type:export-only;<br \/>\tmargin-bottom:8.0pt;<br \/>\tline-height:107%;}div.WordSection1<br \/>\t{page:WordSection1;}<\/style>\n<\/p>\t\t\t\t\t<\/div>\n\t\t\t\t\t\t<\/div>\n\t\t\t\t<\/div>\n\t\t\t\t\t\t<\/div>\n\t\t\t\t\t<\/div>\n\t\t<\/div>\n\t\t\t\t\t\t\t\t<\/div>\n\t\t\t\t\t<\/div>\n\t\t<\/section>\n\t\t\t\t<section class=\"elementor-section elementor-top-section elementor-element elementor-element-689a2012 elementor-section-boxed elementor-section-height-default elementor-section-height-default\" data-id=\"689a2012\" data-element_type=\"section\">\n\t\t\t\t\t\t<div class=\"elementor-container elementor-column-gap-default\">\n\t\t\t\t\t\t\t<div class=\"elementor-row\">\n\t\t\t\t\t<div class=\"elementor-column elementor-col-100 elementor-top-column elementor-element elementor-element-796ec171\" data-id=\"796ec171\" data-element_type=\"column\">\n\t\t\t<div class=\"elementor-column-wrap elementor-element-populated\">\n\t\t\t\t\t\t\t<div class=\"elementor-widget-wrap\">\n\t\t\t\t\t\t<div class=\"elementor-element elementor-element-78d39f7c elementor-widget elementor-widget-spacer\" data-id=\"78d39f7c\" data-element_type=\"widget\" data-widget_type=\"spacer.default\">\n\t\t\t\t<div class=\"elementor-widget-container\">\n\t\t\t\t\t<div class=\"elementor-spacer\">\n\t\t\t<div class=\"elementor-spacer-inner\"><\/div>\n\t\t<\/div>\n\t\t\t\t<\/div>\n\t\t\t\t<\/div>\n\t\t\t\t\t\t<\/div>\n\t\t\t\t\t<\/div>\n\t\t<\/div>\n\t\t\t\t\t\t\t\t<\/div>\n\t\t\t\t\t<\/div>\n\t\t<\/section>\n\t\t\t\t\t\t<\/div>\n\t\t\t\t\t\t<\/div>\n\t\t\t\t\t<\/div>\n\t\t","protected":false},"excerpt":{"rendered":"<p class=\"excerpt\">Wissenswert Pressemeldung 12.10.2023: In den Behindertenwerkst\u00e4tten Oberpfalz Betreuungs-GmbH und den dazugeh\u00f6rigen Wohnheimen hat sich ein F\u00fchrungswechsel vollzogen. Bernhard Reiser hat seit 1999 die Geschicke der Wolfgang-Spie\u00dfl-Wohnst\u00e4tte im Zentrum Chams sowie des Augustin-Maierhofer-Wohnheims in Cham-Janahof, erfolgreich gelenkt. Nach 24 Jahren gab er die Leitungsfunktion an Herrn Markus Probst ab und bleibt dem Unternehmen als erfahrener Mitarbeiter [&hellip;]<\/p>\n","protected":false},"author":1,"featured_media":0,"parent":0,"menu_order":4,"comment_status":"closed","ping_status":"closed","template":"template-blank.php","meta":[],"_links":{"self":[{"href":"https:\/\/www.lebenshilfe-cham.de\/index.php?rest_route=\/wp\/v2\/pages\/179"}],"collection":[{"href":"https:\/\/www.lebenshilfe-cham.de\/index.php?rest_route=\/wp\/v2\/pages"}],"about":[{"href":"https:\/\/www.lebenshilfe-cham.de\/index.php?rest_route=\/wp\/v2\/types\/page"}],"author":[{"embeddable":true,"href":"https:\/\/www.lebenshilfe-cham.de\/index.php?rest_route=\/wp\/v2\/users\/1"}],"replies":[{"embeddable":true,"href":"https:\/\/www.lebenshilfe-cham.de\/index.php?rest_route=%2Fwp%2Fv2%2Fcomments&post=179"}],"version-history":[{"count":13,"href":"https:\/\/www.lebenshilfe-cham.de\/index.php?rest_route=\/wp\/v2\/pages\/179\/revisions"}],"predecessor-version":[{"id":944,"href":"https:\/\/www.lebenshilfe-cham.de\/index.php?rest_route=\/wp\/v2\/pages\/179\/revisions\/944"}],"wp:attachment":[{"href":"https:\/\/www.lebenshilfe-cham.de\/index.php?rest_route=%2Fwp%2Fv2%2Fmedia&parent=179"}],"curies":[{"name":"wp","href":"https:\/\/api.w.org\/{rel}","templated":true}]}}