{"id":185,"date":"2020-11-02T10:36:09","date_gmt":"2020-11-02T10:36:09","guid":{"rendered":"http:\/\/lebenshilfe-cham.de\/?page_id=185"},"modified":"2021-09-11T15:27:21","modified_gmt":"2021-09-11T15:27:21","slug":"elementor-185","status":"publish","type":"page","link":"https:\/\/www.lebenshilfe-cham.de\/?page_id=185","title":{"rendered":"Mitglied werden"},"content":{"rendered":"\t\t<div data-elementor-type=\"wp-post\" data-elementor-id=\"185\" class=\"elementor elementor-185\" data-elementor-settings=\"[]\">\n\t\t\t\t\t\t<div class=\"elementor-inner\">\n\t\t\t\t\t\t\t<div class=\"elementor-section-wrap\">\n\t\t\t\t\t\t\t<section class=\"elementor-section elementor-top-section elementor-element elementor-element-6ca6b61 elementor-section-boxed elementor-section-height-default elementor-section-height-default\" data-id=\"6ca6b61\" data-element_type=\"section\">\n\t\t\t\t\t\t<div class=\"elementor-container elementor-column-gap-default\">\n\t\t\t\t\t\t\t<div class=\"elementor-row\">\n\t\t\t\t\t<div class=\"elementor-column elementor-col-100 elementor-top-column elementor-element elementor-element-c7975ff\" data-id=\"c7975ff\" data-element_type=\"column\">\n\t\t\t<div class=\"elementor-column-wrap elementor-element-populated\">\n\t\t\t\t\t\t\t<div class=\"elementor-widget-wrap\">\n\t\t\t\t\t\t<div class=\"elementor-element elementor-element-6f8cecc elementor-widget elementor-widget-spacer\" data-id=\"6f8cecc\" data-element_type=\"widget\" data-widget_type=\"spacer.default\">\n\t\t\t\t<div class=\"elementor-widget-container\">\n\t\t\t\t\t<div class=\"elementor-spacer\">\n\t\t\t<div class=\"elementor-spacer-inner\"><\/div>\n\t\t<\/div>\n\t\t\t\t<\/div>\n\t\t\t\t<\/div>\n\t\t\t\t\t\t<\/div>\n\t\t\t\t\t<\/div>\n\t\t<\/div>\n\t\t\t\t\t\t\t\t<\/div>\n\t\t\t\t\t<\/div>\n\t\t<\/section>\n\t\t\t\t<section class=\"elementor-section elementor-top-section elementor-element elementor-element-ac1bc5d elementor-section-boxed elementor-section-height-default elementor-section-height-default\" data-id=\"ac1bc5d\" data-element_type=\"section\">\n\t\t\t\t\t\t<div class=\"elementor-container elementor-column-gap-default\">\n\t\t\t\t\t\t\t<div class=\"elementor-row\">\n\t\t\t\t\t<div class=\"elementor-column elementor-col-100 elementor-top-column elementor-element elementor-element-81562a9\" data-id=\"81562a9\" data-element_type=\"column\">\n\t\t\t<div class=\"elementor-column-wrap elementor-element-populated\">\n\t\t\t\t\t\t\t<div class=\"elementor-widget-wrap\">\n\t\t\t\t\t\t<div class=\"elementor-element elementor-element-e5f5bf2 elementor-widget elementor-widget-heading\" data-id=\"e5f5bf2\" data-element_type=\"widget\" data-widget_type=\"heading.default\">\n\t\t\t\t<div class=\"elementor-widget-container\">\n\t\t\t<h2 class=\"elementor-heading-title elementor-size-large\">Mitglied werden<\/h2>\t\t<\/div>\n\t\t\t\t<\/div>\n\t\t\t\t\t\t<\/div>\n\t\t\t\t\t<\/div>\n\t\t<\/div>\n\t\t\t\t\t\t\t\t<\/div>\n\t\t\t\t\t<\/div>\n\t\t<\/section>\n\t\t\t\t<section class=\"elementor-section elementor-top-section elementor-element elementor-element-3095ef1 elementor-section-boxed elementor-section-height-default elementor-section-height-default\" data-id=\"3095ef1\" data-element_type=\"section\">\n\t\t\t\t\t\t<div class=\"elementor-container elementor-column-gap-default\">\n\t\t\t\t\t\t\t<div class=\"elementor-row\">\n\t\t\t\t\t<div class=\"elementor-column elementor-col-100 elementor-top-column elementor-element elementor-element-14c26dd\" data-id=\"14c26dd\" data-element_type=\"column\">\n\t\t\t<div class=\"elementor-column-wrap elementor-element-populated\">\n\t\t\t\t\t\t\t<div class=\"elementor-widget-wrap\">\n\t\t\t\t\t\t<div class=\"elementor-element elementor-element-f1ae40d elementor-widget elementor-widget-text-editor\" data-id=\"f1ae40d\" data-element_type=\"widget\" data-widget_type=\"text-editor.default\">\n\t\t\t\t<div class=\"elementor-widget-container\">\n\t\t\t\t\t\t\t\t<div class=\"elementor-text-editor elementor-clearfix\">\n\t\t\t\t<div><p>Wir freuen uns, wenn Sie Interesse daran haben, Mitglied bei der Lebenshilfe Cham e.V. zu werden.<\/p><p>Als Mitglied haben Sie die M\u00f6glichkeit, sich aktiv in den Verein einzubringen und seine Entwicklung mitzubestimmen. Schon ab 20 Euro Jahresbeitrag.<\/p><p>\u00a0<\/p><p>Hier bieten wir Ihnen das Herunterladen einer <a title=\"Beitrittserkl\u00e4rung (Ortsverein)\" href=\"http:\/\/lebenshilfe-cham.de\/wp-content\/uploads\/2021\/09\/Lebenshilfe-Beitrittserklaerung.pdf\" target=\"_blank\" rel=\"noopener\">Beitrittserkl\u00e4rung <\/a>an. Adress- und Namens\u00e4nderungen sowie \u00c4nderungen der Bankverbindung sind ebenfalls mit diesem Formular m\u00f6glich.<\/p><p>\u00a0<\/p><p>Da es leider noch nicht ohne Unterschrift geht, drucken Sie dieses Formular bitte aus und schicken es ausgef\u00fcllt und unterschrieben an unsere\u00a0 Gesch\u00e4ftsstelle:<\/p><p><strong>\u00a0<\/strong><\/p><p><strong>Lebenshilfe f\u00fcr geistig Behinderte Cham e.V.<br \/>Hans-Eder-Stra\u00dfe 9<\/strong><\/p><p><strong>93413 Cham<br \/><\/strong><\/p><\/div>\t\t\t\t\t<\/div>\n\t\t\t\t\t\t<\/div>\n\t\t\t\t<\/div>\n\t\t\t\t\t\t<\/div>\n\t\t\t\t\t<\/div>\n\t\t<\/div>\n\t\t\t\t\t\t\t\t<\/div>\n\t\t\t\t\t<\/div>\n\t\t<\/section>\n\t\t\t\t<section class=\"elementor-section elementor-top-section elementor-element elementor-element-cabf783 elementor-section-boxed elementor-section-height-default elementor-section-height-default\" data-id=\"cabf783\" data-element_type=\"section\">\n\t\t\t\t\t\t<div class=\"elementor-container elementor-column-gap-default\">\n\t\t\t\t\t\t\t<div class=\"elementor-row\">\n\t\t\t\t\t<div class=\"elementor-column elementor-col-100 elementor-top-column elementor-element elementor-element-48d1b41\" data-id=\"48d1b41\" data-element_type=\"column\">\n\t\t\t<div class=\"elementor-column-wrap elementor-element-populated\">\n\t\t\t\t\t\t\t<div class=\"elementor-widget-wrap\">\n\t\t\t\t\t\t<div class=\"elementor-element elementor-element-2652fd8 elementor-widget elementor-widget-button\" data-id=\"2652fd8\" data-element_type=\"widget\" data-widget_type=\"button.default\">\n\t\t\t\t<div class=\"elementor-widget-container\">\n\t\t\t\t\t<div class=\"elementor-button-wrapper\">\n\t\t\t<a href=\"http:\/\/lebenshilfe-cham.de\/wp-content\/uploads\/2021\/09\/Lebenshilfe-Beitrittserklaerung.pdf\" class=\"elementor-button-link elementor-button elementor-size-sm\" role=\"button\">\n\t\t\t\t\t\t<span class=\"elementor-button-content-wrapper\">\n\t\t\t\t\t\t<span class=\"elementor-button-text\">Beitrittserkl\u00e4rung herunterladen<\/span>\n\t\t<\/span>\n\t\t\t\t\t<\/a>\n\t\t<\/div>\n\t\t\t\t<\/div>\n\t\t\t\t<\/div>\n\t\t\t\t\t\t<\/div>\n\t\t\t\t\t<\/div>\n\t\t<\/div>\n\t\t\t\t\t\t\t\t<\/div>\n\t\t\t\t\t<\/div>\n\t\t<\/section>\n\t\t\t\t<section class=\"elementor-section elementor-top-section elementor-element elementor-element-94412da elementor-section-boxed elementor-section-height-default elementor-section-height-default\" data-id=\"94412da\" data-element_type=\"section\">\n\t\t\t\t\t\t<div class=\"elementor-container elementor-column-gap-default\">\n\t\t\t\t\t\t\t<div class=\"elementor-row\">\n\t\t\t\t\t<div class=\"elementor-column elementor-col-100 elementor-top-column elementor-element elementor-element-57fc7dc\" data-id=\"57fc7dc\" data-element_type=\"column\">\n\t\t\t<div class=\"elementor-column-wrap elementor-element-populated\">\n\t\t\t\t\t\t\t<div class=\"elementor-widget-wrap\">\n\t\t\t\t\t\t<div class=\"elementor-element elementor-element-908343a elementor-widget elementor-widget-spacer\" data-id=\"908343a\" data-element_type=\"widget\" data-widget_type=\"spacer.default\">\n\t\t\t\t<div class=\"elementor-widget-container\">\n\t\t\t\t\t<div class=\"elementor-spacer\">\n\t\t\t<div class=\"elementor-spacer-inner\"><\/div>\n\t\t<\/div>\n\t\t\t\t<\/div>\n\t\t\t\t<\/div>\n\t\t\t\t\t\t<\/div>\n\t\t\t\t\t<\/div>\n\t\t<\/div>\n\t\t\t\t\t\t\t\t<\/div>\n\t\t\t\t\t<\/div>\n\t\t<\/section>\n\t\t\t\t\t\t<\/div>\n\t\t\t\t\t\t<\/div>\n\t\t\t\t\t<\/div>\n\t\t","protected":false},"excerpt":{"rendered":"<p class=\"excerpt\">Mitglied werden Wir freuen uns, wenn Sie Interesse daran haben, Mitglied bei der Lebenshilfe Cham e.V. zu werden. Als Mitglied haben Sie die M\u00f6glichkeit, sich aktiv in den Verein einzubringen und seine Entwicklung mitzubestimmen. Schon ab 20 Euro Jahresbeitrag. \u00a0 Hier bieten wir Ihnen das Herunterladen einer Beitrittserkl\u00e4rung an. Adress- und Namens\u00e4nderungen sowie \u00c4nderungen der [&hellip;]<\/p>\n","protected":false},"author":1,"featured_media":0,"parent":187,"menu_order":1,"comment_status":"closed","ping_status":"closed","template":"template-blank.php","meta":[],"_links":{"self":[{"href":"https:\/\/www.lebenshilfe-cham.de\/index.php?rest_route=\/wp\/v2\/pages\/185"}],"collection":[{"href":"https:\/\/www.lebenshilfe-cham.de\/index.php?rest_route=\/wp\/v2\/pages"}],"about":[{"href":"https:\/\/www.lebenshilfe-cham.de\/index.php?rest_route=\/wp\/v2\/types\/page"}],"author":[{"embeddable":true,"href":"https:\/\/www.lebenshilfe-cham.de\/index.php?rest_route=\/wp\/v2\/users\/1"}],"replies":[{"embeddable":true,"href":"https:\/\/www.lebenshilfe-cham.de\/index.php?rest_route=%2Fwp%2Fv2%2Fcomments&post=185"}],"version-history":[{"count":8,"href":"https:\/\/www.lebenshilfe-cham.de\/index.php?rest_route=\/wp\/v2\/pages\/185\/revisions"}],"predecessor-version":[{"id":495,"href":"https:\/\/www.lebenshilfe-cham.de\/index.php?rest_route=\/wp\/v2\/pages\/185\/revisions\/495"}],"up":[{"embeddable":true,"href":"https:\/\/www.lebenshilfe-cham.de\/index.php?rest_route=\/wp\/v2\/pages\/187"}],"wp:attachment":[{"href":"https:\/\/www.lebenshilfe-cham.de\/index.php?rest_route=%2Fwp%2Fv2%2Fmedia&parent=185"}],"curies":[{"name":"wp","href":"https:\/\/api.w.org\/{rel}","templated":true}]}}