{"id":196,"date":"2020-11-02T10:48:42","date_gmt":"2020-11-02T10:48:42","guid":{"rendered":"http:\/\/lebenshilfe-cham.de\/?page_id=196"},"modified":"2022-05-27T07:53:40","modified_gmt":"2022-05-27T07:53:40","slug":"elementor-196","status":"publish","type":"page","link":"https:\/\/www.lebenshilfe-cham.de\/","title":{"rendered":"Start"},"content":{"rendered":"\t\t<div data-elementor-type=\"wp-page\" data-elementor-id=\"196\" class=\"elementor elementor-196\" data-elementor-settings=\"[]\">\n\t\t\t\t\t\t<div class=\"elementor-inner\">\n\t\t\t\t\t\t\t<div class=\"elementor-section-wrap\">\n\t\t\t\t\t\t\t<section class=\"elementor-section elementor-top-section elementor-element elementor-element-149e453 elementor-section-full_width elementor-section-stretched elementor-section-height-default elementor-section-height-default\" data-id=\"149e453\" data-element_type=\"section\" data-settings=\"{&quot;stretch_section&quot;:&quot;section-stretched&quot;}\">\n\t\t\t\t\t\t<div class=\"elementor-container elementor-column-gap-no\">\n\t\t\t\t\t\t\t<div class=\"elementor-row\">\n\t\t\t\t\t<div class=\"elementor-column elementor-col-100 elementor-top-column elementor-element elementor-element-ee07f1e\" data-id=\"ee07f1e\" data-element_type=\"column\">\n\t\t\t<div class=\"elementor-column-wrap elementor-element-populated\">\n\t\t\t\t\t\t\t<div class=\"elementor-widget-wrap\">\n\t\t\t\t\t\t<div class=\"elementor-element elementor-element-76cbb23 elementor--h-position-center elementor--v-position-middle elementor-arrows-position-inside elementor-pagination-position-inside elementor-widget elementor-widget-slides\" data-id=\"76cbb23\" data-element_type=\"widget\" data-settings=\"{&quot;navigation&quot;:&quot;both&quot;,&quot;autoplay&quot;:&quot;yes&quot;,&quot;pause_on_hover&quot;:&quot;yes&quot;,&quot;pause_on_interaction&quot;:&quot;yes&quot;,&quot;autoplay_speed&quot;:5000,&quot;infinite&quot;:&quot;yes&quot;,&quot;transition&quot;:&quot;slide&quot;,&quot;transition_speed&quot;:500}\" data-widget_type=\"slides.default\">\n\t\t\t\t<div class=\"elementor-widget-container\">\n\t\t\t\t\t<div class=\"elementor-swiper\">\n\t\t\t<div class=\"elementor-slides-wrapper elementor-main-swiper swiper-container\" dir=\"ltr\" data-animation=\"fadeInUp\">\n\t\t\t\t<div class=\"swiper-wrapper elementor-slides\">\n\t\t\t\t\t<div class=\"elementor-repeater-item-fb553d1 swiper-slide\"><div class=\"swiper-slide-bg\"><\/div><div class=\"swiper-slide-inner\" ><div class=\"swiper-slide-contents\"><div class=\"elementor-slide-heading\">Herzlich Willkommen<\/div><div class=\"elementor-slide-description\">bei der Lebenshilfe Cham e.V.<\/div><\/div><\/div><\/div><div class=\"elementor-repeater-item-8aa1a89 swiper-slide\"><div class=\"swiper-slide-bg\"><\/div><div class=\"swiper-slide-inner\" ><div class=\"swiper-slide-contents\"><\/div><\/div><\/div>\t\t\t\t<\/div>\n\t\t\t\t\t\t\t\t\t\t\t\t\t\t\t<div class=\"swiper-pagination\"><\/div>\n\t\t\t\t\t\t\t\t\t\t\t\t\t\t\t\t<div class=\"elementor-swiper-button elementor-swiper-button-prev\">\n\t\t\t\t\t\t\t<i class=\"eicon-chevron-left\" aria-hidden=\"true\"><\/i>\n\t\t\t\t\t\t\t<span class=\"elementor-screen-only\">Previous<\/span>\n\t\t\t\t\t\t<\/div>\n\t\t\t\t\t\t<div class=\"elementor-swiper-button elementor-swiper-button-next\">\n\t\t\t\t\t\t\t<i class=\"eicon-chevron-right\" aria-hidden=\"true\"><\/i>\n\t\t\t\t\t\t\t<span class=\"elementor-screen-only\">Next<\/span>\n\t\t\t\t\t\t<\/div>\n\t\t\t\t\t\t\t\t\t\t\t\t<\/div>\n\t\t<\/div>\n\t\t\t\t<\/div>\n\t\t\t\t<\/div>\n\t\t\t\t\t\t<\/div>\n\t\t\t\t\t<\/div>\n\t\t<\/div>\n\t\t\t\t\t\t\t\t<\/div>\n\t\t\t\t\t<\/div>\n\t\t<\/section>\n\t\t\t\t<section class=\"elementor-section elementor-top-section elementor-element elementor-element-08fbcd9 elementor-section-boxed elementor-section-height-default elementor-section-height-default\" data-id=\"08fbcd9\" data-element_type=\"section\">\n\t\t\t\t\t\t<div class=\"elementor-container elementor-column-gap-default\">\n\t\t\t\t\t\t\t<div class=\"elementor-row\">\n\t\t\t\t\t<div class=\"elementor-column elementor-col-100 elementor-top-column elementor-element elementor-element-3ae75e5\" data-id=\"3ae75e5\" data-element_type=\"column\">\n\t\t\t<div class=\"elementor-column-wrap elementor-element-populated\">\n\t\t\t\t\t\t\t<div class=\"elementor-widget-wrap\">\n\t\t\t\t\t\t<div class=\"elementor-element elementor-element-b108196 elementor-widget__width-initial elementor-widget elementor-widget-spacer\" data-id=\"b108196\" data-element_type=\"widget\" data-widget_type=\"spacer.default\">\n\t\t\t\t<div class=\"elementor-widget-container\">\n\t\t\t\t\t<div class=\"elementor-spacer\">\n\t\t\t<div class=\"elementor-spacer-inner\"><\/div>\n\t\t<\/div>\n\t\t\t\t<\/div>\n\t\t\t\t<\/div>\n\t\t\t\t\t\t<\/div>\n\t\t\t\t\t<\/div>\n\t\t<\/div>\n\t\t\t\t\t\t\t\t<\/div>\n\t\t\t\t\t<\/div>\n\t\t<\/section>\n\t\t\t\t<section class=\"elementor-section elementor-top-section elementor-element elementor-element-30ba754 elementor-section-boxed elementor-section-height-default elementor-section-height-default\" data-id=\"30ba754\" data-element_type=\"section\">\n\t\t\t\t\t\t<div class=\"elementor-container elementor-column-gap-default\">\n\t\t\t\t\t\t\t<div class=\"elementor-row\">\n\t\t\t\t\t<div class=\"elementor-column elementor-col-100 elementor-top-column elementor-element elementor-element-ff8daaf\" data-id=\"ff8daaf\" data-element_type=\"column\">\n\t\t\t<div class=\"elementor-column-wrap elementor-element-populated\">\n\t\t\t\t\t\t\t<div class=\"elementor-widget-wrap\">\n\t\t\t\t\t\t<div class=\"elementor-element elementor-element-38ecfc3 elementor-widget elementor-widget-heading\" data-id=\"38ecfc3\" data-element_type=\"widget\" data-widget_type=\"heading.default\">\n\t\t\t\t<div class=\"elementor-widget-container\">\n\t\t\t<h2 class=\"elementor-heading-title elementor-size-xxl\">Herzlich Willkommen<\/h2>\t\t<\/div>\n\t\t\t\t<\/div>\n\t\t\t\t\t\t<\/div>\n\t\t\t\t\t<\/div>\n\t\t<\/div>\n\t\t\t\t\t\t\t\t<\/div>\n\t\t\t\t\t<\/div>\n\t\t<\/section>\n\t\t\t\t<section class=\"elementor-section elementor-top-section elementor-element elementor-element-12cc5d0 elementor-section-boxed elementor-section-height-default elementor-section-height-default\" data-id=\"12cc5d0\" data-element_type=\"section\">\n\t\t\t\t\t\t<div class=\"elementor-container elementor-column-gap-default\">\n\t\t\t\t\t\t\t<div class=\"elementor-row\">\n\t\t\t\t\t<div class=\"elementor-column elementor-col-100 elementor-top-column elementor-element elementor-element-32cdbe6\" data-id=\"32cdbe6\" data-element_type=\"column\">\n\t\t\t<div class=\"elementor-column-wrap elementor-element-populated\">\n\t\t\t\t\t\t\t<div class=\"elementor-widget-wrap\">\n\t\t\t\t\t\t<div class=\"elementor-element elementor-element-d9522e8 elementor-widget elementor-widget-text-editor\" data-id=\"d9522e8\" data-element_type=\"widget\" data-widget_type=\"text-editor.default\">\n\t\t\t\t<div class=\"elementor-widget-container\">\n\t\t\t\t\t\t\t\t<div class=\"elementor-text-editor elementor-clearfix\">\n\t\t\t\t<button id=\"bb1\" type=\"button\" value=\"Play\" class=\"responsivevoice-button\" title=\"ResponsiveVoice Tap to Start\/Stop Speech\"><span>&#128266; Anh\u00f6ren<\/span><\/button>\n        <script>\n            bb1.onclick = function(){\n                if(responsiveVoice.isPlaying()){\n                    responsiveVoice.cancel();\n                }else{\n                    responsiveVoice.speak(\"bei der Lebenshilfe Cham e.V. so viel mehr als nur ein Verein Wir sind eine Selbsthilfevereinigung, die sich seit 1969 dem Wohl von Menschen mit geistiger Behinderung verpflichtet hat. Mitglieder in unserem Verein sind Menschen mit Behinderung, Angeh\u00f6rige, rechtliche Betreuer, F\u00f6rderer und Freunde. Entsprechend gro\u00df und umfassend ist der Erfahrungsschatz, auf den wir f\u00fcr unsere Arbeit zugreifen k\u00f6nnen.Wir setzen uns daf\u00fcr ein, dass Menschen mit geistiger Behinderung und ihre Familien so normal wie m\u00f6glich leben k\u00f6nnen. Was wir machen Die Lebenshilfe Cham e.V. wurde 1969 als gemeinn\u00fctziger Verein gegr\u00fcndet. Sie ist eine unabh\u00e4ngige Selbsthilfevereinigung f\u00fcr Menschen mit Behinderung, f\u00fcr ihre Eltern und Angeh\u00f6rige, f\u00fcr Fachleute, Freunde und F\u00f6rderer. Die Lebenshilfe in Cham engagiert sich daf\u00fcr, dass geistig behinderte Menschen ihre Pers\u00f6nlichkeit und ihre F\u00e4higkeiten entfalten und in gr\u00f6\u00dftm\u00f6glicher Gemeinsamkeit mit allen Menschen leben k\u00f6nnen. So ist es ihr ein wesentliches Anliegen, behinderte Menschen die Selbstverwirklichung in sozialer Integration zu erm\u00f6glichen.Neben dem Wohnen gilt auch die Arbeit als Grundbed\u00fcrfnis des Menschen. Wir haben uns zur Aufgabe gemacht, Menschen mit Behinderung sowohl attraktive Angebote im Bereich Arbeit, als auch im Bereich Wohnen zu machen. Das haben wir mit unseren Einrichtungen die letzten Jahre hervorragend umgesetzt. Unsere Wirkungsst\u00e4tten Gemeinsam mit unserem Partner vom VdK Bayern betreiben wir die Behindertenwerkst\u00e4tten Oberpfalz Betreuungs GmbH, die an zwei Standorten in Cham und der Zweigstelle in Bad K\u00f6tzting derzeit ca. 400 Menschen mit geistiger und seelischer Beeintr\u00e4chtigung einen attraktiven Arbeitsplatz bietet, sowie die Wolfgang- Spie\u00dfl-Wohnst\u00e4tte in Cham, die 43 Menschen mit Behinderung eine abwechslungsreiche, erf\u00fcllende Wohnform bietet. Daneben unterhalten wir als Lebenshilfe noch das Augustin-Maierhofer-Wohnheim in Cham, das 38 Menschen mit Behinderung eine begleitete und besch\u00fctzende Wohnform bietet. In den Werkst\u00e4tten und Wohnheimen bieten wir mehr als 200 Angestellten einen sicheren und attraktiven Arbeitsplatz. Unsere Ziele Menschen mit geistiger Behinderung sollen so normal wie m\u00f6glich leben k\u00f6nnen und dazu jede Hilfe bekommen, die sie brauchen. Dieses Normalisierungsprinzip entspricht unserem Betreuungsprinzip und repr\u00e4sentiert das grundlegende Qualit\u00e4tsziel unserer Einrichtungen.\", \"Deutsch Female\", {\"rate\":\"0.8\",\"pitch\":\"0.8\",\"volume\":\"0.8\"});\n                }\n            };\n        <\/script>\n    <\/p>\n<div>&nbsp;<\/div>\n<h2><b>bei der Lebenshilfe Cham e.V.<\/b><\/h2>\n<p><\/p>\n<h3>so viel mehr als nur ein Verein&nbsp;<\/h3>\n<div><span style=\"color: var( --e-global-color-text ); font-family: var( --e-global-typography-text-font-family ), Sans-serif; font-weight: var( --e-global-typography-text-font-weight ); font-size: 1.5rem;\"><br><\/span><\/div>\n<div><span style=\"color: var( --e-global-color-text ); font-family: var( --e-global-typography-text-font-family ), Sans-serif; font-weight: var( --e-global-typography-text-font-weight ); font-size: 1.5rem;\">Wir sind eine Selbsthilfevereinigung, die sich seit 1969 dem Wohl von Menschen mit geistiger Behinderung verpflichtet hat. Mitglieder in unserem Verein sind Menschen mit Behinderung, Angeh\u00f6rige, rechtliche Betreuer, F\u00f6rderer und Freunde. Entsprechend gro\u00df und umfassend ist der Erfahrungsschatz, auf den wir f\u00fcr unsere Arbeit zugreifen k\u00f6nnen.&nbsp;<\/span><br><span style=\"color: var( --e-global-color-text ); font-family: var( --e-global-typography-text-font-family ), Sans-serif; font-weight: var( --e-global-typography-text-font-weight ); font-size: 1.5rem;\"><br><\/span><span style=\"color: var( --e-global-color-text ); font-family: var( --e-global-typography-text-font-family ), Sans-serif; font-size: 1.5rem;\"><b>Wir setzen uns daf\u00fcr ein, dass Menschen mit geistiger Behinderung und ihre Familien so normal wie m\u00f6glich leben k\u00f6nnen.<\/b><\/span><\/div>\n<h3>&nbsp;<\/h3>\n<div>\n<h2><b>Was wir machen<\/b><\/h2>\n<\/div>\n<h3>&nbsp;<\/h3>\n<p>Die Lebenshilfe Cham e.V. wurde 1969 als gemeinn\u00fctziger Verein gegr\u00fcndet. Sie ist eine unabh\u00e4ngige Selbsthilfevereinigung f\u00fcr Menschen mit Behinderung, f\u00fcr ihre Eltern und Angeh\u00f6rige, f\u00fcr Fachleute, Freunde und F\u00f6rderer.<br><br><\/p>\n<p>Die Lebenshilfe in Cham engagiert sich daf\u00fcr, dass geistig behinderte Menschen ihre Pers\u00f6nlichkeit und ihre F\u00e4higkeiten entfalten und in gr\u00f6\u00dftm\u00f6glicher Gemeinsamkeit mit allen Menschen leben k\u00f6nnen. So ist es ihr ein wesentliches Anliegen, behinderte Menschen die Selbstverwirklichung in sozialer Integration zu erm\u00f6glichen.<br>Neben dem Wohnen gilt auch die Arbeit als Grundbed\u00fcrfnis des Menschen. Wir haben uns zur Aufgabe gemacht, Menschen mit Behinderung sowohl attraktive Angebote im Bereich Arbeit, als auch im Bereich Wohnen zu machen. Das haben wir mit unseren Einrichtungen die letzten Jahre hervorragend umgesetzt.<\/p>\n<h3>&nbsp;<\/h3>\n<p><\/p>\n<h2><b>Unsere Wirkungsst\u00e4tten<\/b><\/h2>\n<h3>&nbsp;<\/h3>\n<p>Gemeinsam mit unserem Partner vom VdK Bayern betreiben wir die Behindertenwerkst\u00e4tten Oberpfalz Betreuungs GmbH, die an zwei Standorten in Cham und der Zweigstelle in Bad K\u00f6tzting derzeit ca. 400 Menschen mit geistiger und seelischer Beeintr\u00e4chtigung einen attraktiven Arbeitsplatz bietet, sowie die Wolfgang- Spie\u00dfl-Wohnst\u00e4tte in Cham, die 43 Menschen mit Behinderung eine abwechslungsreiche, erf\u00fcllende Wohnform bietet. Daneben unterhalten wir als Lebenshilfe noch das Augustin-Maierhofer-Wohnheim in Cham, das 38 Menschen mit Behinderung eine begleitete und besch\u00fctzende Wohnform bietet.&nbsp; In den Werkst\u00e4tten und Wohnheimen bieten wir mehr als 200 Angestellten einen sicheren und attraktiven Arbeitsplatz.<\/p>\n<h3>&nbsp;<\/h3>\n<h2><b>Unsere Ziele<\/b><\/h2>\n<h3>&nbsp;<\/h3>\n<p>Menschen mit geistiger Behinderung sollen so normal wie m\u00f6glich leben k\u00f6nnen und dazu jede Hilfe bekommen, die sie brauchen.<br><br><\/p>\n<p>Dieses Normalisierungsprinzip entspricht unserem Betreuungsprinzip und repr\u00e4sentiert das grundlegende Qualit\u00e4tsziel unserer Einrichtungen. \n<div>&nbsp;<\/div>\n<div>&nbsp;<\/div>\t\t\t\t\t<\/div>\n\t\t\t\t\t\t<\/div>\n\t\t\t\t<\/div>\n\t\t\t\t\t\t<\/div>\n\t\t\t\t\t<\/div>\n\t\t<\/div>\n\t\t\t\t\t\t\t\t<\/div>\n\t\t\t\t\t<\/div>\n\t\t<\/section>\n\t\t\t\t\t\t<\/div>\n\t\t\t\t\t\t<\/div>\n\t\t\t\t\t<\/div>\n\t\t","protected":false},"excerpt":{"rendered":"<p class=\"excerpt\">Herzlich Willkommenbei der Lebenshilfe Cham e.V. Previous Next Herzlich Willkommen &nbsp; &nbsp;<\/p>\n","protected":false},"author":1,"featured_media":0,"parent":0,"menu_order":0,"comment_status":"closed","ping_status":"closed","template":"template-blank.php","meta":[],"_links":{"self":[{"href":"https:\/\/www.lebenshilfe-cham.de\/index.php?rest_route=\/wp\/v2\/pages\/196"}],"collection":[{"href":"https:\/\/www.lebenshilfe-cham.de\/index.php?rest_route=\/wp\/v2\/pages"}],"about":[{"href":"https:\/\/www.lebenshilfe-cham.de\/index.php?rest_route=\/wp\/v2\/types\/page"}],"author":[{"embeddable":true,"href":"https:\/\/www.lebenshilfe-cham.de\/index.php?rest_route=\/wp\/v2\/users\/1"}],"replies":[{"embeddable":true,"href":"https:\/\/www.lebenshilfe-cham.de\/index.php?rest_route=%2Fwp%2Fv2%2Fcomments&post=196"}],"version-history":[{"count":79,"href":"https:\/\/www.lebenshilfe-cham.de\/index.php?rest_route=\/wp\/v2\/pages\/196\/revisions"}],"predecessor-version":[{"id":800,"href":"https:\/\/www.lebenshilfe-cham.de\/index.php?rest_route=\/wp\/v2\/pages\/196\/revisions\/800"}],"wp:attachment":[{"href":"https:\/\/www.lebenshilfe-cham.de\/index.php?rest_route=%2Fwp%2Fv2%2Fmedia&parent=196"}],"curies":[{"name":"wp","href":"https:\/\/api.w.org\/{rel}","templated":true}]}}