{"id":249,"date":"2020-11-02T13:02:37","date_gmt":"2020-11-02T13:02:37","guid":{"rendered":"http:\/\/lebenshilfe-cham.de\/?page_id=249"},"modified":"2022-02-02T16:50:54","modified_gmt":"2022-02-02T16:50:54","slug":"leitbild","status":"publish","type":"page","link":"https:\/\/www.lebenshilfe-cham.de\/?page_id=249","title":{"rendered":"Leitbild"},"content":{"rendered":"\t\t<div data-elementor-type=\"wp-page\" data-elementor-id=\"249\" class=\"elementor elementor-249\" data-elementor-settings=\"[]\">\n\t\t\t\t\t\t<div class=\"elementor-inner\">\n\t\t\t\t\t\t\t<div class=\"elementor-section-wrap\">\n\t\t\t\t\t\t\t<section class=\"elementor-section elementor-top-section elementor-element elementor-element-79c4bb6a elementor-section-boxed elementor-section-height-default elementor-section-height-default\" data-id=\"79c4bb6a\" data-element_type=\"section\">\n\t\t\t\t\t\t<div class=\"elementor-container elementor-column-gap-default\">\n\t\t\t\t\t\t\t<div class=\"elementor-row\">\n\t\t\t\t\t<div class=\"elementor-column elementor-col-100 elementor-top-column elementor-element elementor-element-5afd48e5\" data-id=\"5afd48e5\" data-element_type=\"column\">\n\t\t\t<div class=\"elementor-column-wrap elementor-element-populated\">\n\t\t\t\t\t\t\t<div class=\"elementor-widget-wrap\">\n\t\t\t\t\t\t<div class=\"elementor-element elementor-element-1eced5b9 elementor-widget elementor-widget-spacer\" data-id=\"1eced5b9\" data-element_type=\"widget\" data-widget_type=\"spacer.default\">\n\t\t\t\t<div class=\"elementor-widget-container\">\n\t\t\t\t\t<div class=\"elementor-spacer\">\n\t\t\t<div class=\"elementor-spacer-inner\"><\/div>\n\t\t<\/div>\n\t\t\t\t<\/div>\n\t\t\t\t<\/div>\n\t\t\t\t\t\t<\/div>\n\t\t\t\t\t<\/div>\n\t\t<\/div>\n\t\t\t\t\t\t\t\t<\/div>\n\t\t\t\t\t<\/div>\n\t\t<\/section>\n\t\t\t\t<section class=\"elementor-section elementor-top-section elementor-element elementor-element-23c5cabb elementor-section-boxed elementor-section-height-default elementor-section-height-default\" data-id=\"23c5cabb\" data-element_type=\"section\">\n\t\t\t\t\t\t<div class=\"elementor-container elementor-column-gap-default\">\n\t\t\t\t\t\t\t<div class=\"elementor-row\">\n\t\t\t\t\t<div class=\"elementor-column elementor-col-100 elementor-top-column elementor-element elementor-element-7eeef893\" data-id=\"7eeef893\" data-element_type=\"column\">\n\t\t\t<div class=\"elementor-column-wrap elementor-element-populated\">\n\t\t\t\t\t\t\t<div class=\"elementor-widget-wrap\">\n\t\t\t\t\t\t<div class=\"elementor-element elementor-element-37cd2e1f elementor-widget elementor-widget-heading\" data-id=\"37cd2e1f\" data-element_type=\"widget\" data-widget_type=\"heading.default\">\n\t\t\t\t<div class=\"elementor-widget-container\">\n\t\t\t<h2 class=\"elementor-heading-title elementor-size-large\">Unser Leitbild<\/h2>\t\t<\/div>\n\t\t\t\t<\/div>\n\t\t\t\t\t\t<\/div>\n\t\t\t\t\t<\/div>\n\t\t<\/div>\n\t\t\t\t\t\t\t\t<\/div>\n\t\t\t\t\t<\/div>\n\t\t<\/section>\n\t\t\t\t<section class=\"elementor-section elementor-top-section elementor-element elementor-element-6185a728 elementor-section-boxed elementor-section-height-default elementor-section-height-default\" data-id=\"6185a728\" data-element_type=\"section\">\n\t\t\t\t\t\t<div class=\"elementor-container elementor-column-gap-default\">\n\t\t\t\t\t\t\t<div class=\"elementor-row\">\n\t\t\t\t\t<div class=\"elementor-column elementor-col-100 elementor-top-column elementor-element elementor-element-1641cda6\" data-id=\"1641cda6\" data-element_type=\"column\">\n\t\t\t<div class=\"elementor-column-wrap elementor-element-populated\">\n\t\t\t\t\t\t\t<div class=\"elementor-widget-wrap\">\n\t\t\t\t\t\t<div class=\"elementor-element elementor-element-1e726d3a elementor-widget elementor-widget-text-editor\" data-id=\"1e726d3a\" data-element_type=\"widget\" data-widget_type=\"text-editor.default\">\n\t\t\t\t<div class=\"elementor-widget-container\">\n\t\t\t\t\t\t\t\t<div class=\"elementor-text-editor elementor-clearfix\">\n\t\t\t\t\t\t\t\t\t<\/div>\n\t\t\t\t\t\t<\/div>\n\t\t\t\t<\/div>\n\t\t\t\t\t\t<\/div>\n\t\t\t\t\t<\/div>\n\t\t<\/div>\n\t\t\t\t\t\t\t\t<\/div>\n\t\t\t\t\t<\/div>\n\t\t<\/section>\n\t\t\t\t<section class=\"elementor-section elementor-top-section elementor-element elementor-element-bc0914c elementor-section-boxed elementor-section-height-default elementor-section-height-default\" data-id=\"bc0914c\" data-element_type=\"section\">\n\t\t\t\t\t\t<div class=\"elementor-container elementor-column-gap-default\">\n\t\t\t\t\t\t\t<div class=\"elementor-row\">\n\t\t\t\t\t<div class=\"elementor-column elementor-col-100 elementor-top-column elementor-element elementor-element-fbf8fdd\" data-id=\"fbf8fdd\" data-element_type=\"column\">\n\t\t\t<div class=\"elementor-column-wrap elementor-element-populated\">\n\t\t\t\t\t\t\t<div class=\"elementor-widget-wrap\">\n\t\t\t\t\t\t<div class=\"elementor-element elementor-element-c604e43 elementor-widget elementor-widget-text-editor\" data-id=\"c604e43\" data-element_type=\"widget\" data-widget_type=\"text-editor.default\">\n\t\t\t\t<div class=\"elementor-widget-container\">\n\t\t\t\t\t\t\t\t<div class=\"elementor-text-editor elementor-clearfix\">\n\t\t\t\t<p>F\u00fcr uns ist Artikel 1 des Grundgesetzes f\u00fcr die Bundesrepublik Deutschland wichtig:<br \/><br \/><strong>Die W\u00fcrde des Menschen ist unantastbar. Sie zu achten und zu sch\u00fctzen ist Verpflichtung aller staatlichen Gewalt.<br \/><br \/><\/strong>Diesem Leitsatz f\u00fchlen wir uns verpflichtet und tragen die Visionen und Ziele der Lebenshilfe Deutschland vollumf\u00e4nglich mit.<br \/><br \/>Wir sind Gesellschafter des Augustin Maierhofer Wohnheims sowie, zusammen mit unserem Partnerverein dem Sozialverband VdK Bayern, Gesellschafter der Behindertenwerkst\u00e4tten Oberpfalz Betreuungs-GmbH.<br \/><br \/>Wir wollen in unseren Wohnheimen und Werkst\u00e4tten jedem Bewohner, jeder Bewohnerin und Mitarbeitenden einen Lebens- und Arbeitsort bieten, an dem er oder sie ohne Angst \u201everschieden\u201c sein darf. Dies beinhaltet pers\u00f6nlichkeitsf\u00f6rdernde T\u00e4tigkeiten und eine Kommunikation mit den Mitmenschen, die von gegenseitigem Respekt getragen sind.<br \/><br \/>Wir wollen dabei ein Vorbild f\u00fcr die Gesellschaft sein.<br \/><br \/><strong>Wir gestalten unser Miteinander!<br \/><br \/><\/strong>Die Lebenshilfe in Cham vertritt die Anliegen und Interessen von Menschen mit Beeintr\u00e4chtigungen und deren Familien.<br \/><br \/>Wir f\u00f6rdern das Verst\u00e4ndnis f\u00fcr die besonderen Herausforderungen, vor denen Menschen mit Beeintr\u00e4chtigungen und ihre Familien stehen.<br \/><br \/>Wir setzen uns daf\u00fcr ein, dass alle selbst w\u00e4hlen k\u00f6nnen, wie sie leben \u2013 also wo und mit wem sie wohnen, arbeiten, lernen oder die Freizeit verbringen wollen.<br \/><br \/>Unser Ziel ist es, dass Menschen mit Beeintr\u00e4chtigungen gleichberechtigt und so selbstbestimmt wie m\u00f6glich in unserer Gesellschaft leben und an ihr teilhaben k\u00f6nnen.<br \/><br \/>Daf\u00fcr soll jede und jeder so viel Schutz und Hilfe wie n\u00f6tig erhalten.<br \/><br \/>Ausgestattet mit einem hervorragenden Netzwerk und einer liebevollen Begleitung durch das Leben in unserer Heimat, ist f\u00fcr uns das Leit-Motto unserer Stadt Cham ganz selbstverst\u00e4ndlich:<\/p><p>\u00a0<\/p><h2 style=\"text-align: center;\"><strong>BEGEGNUNGEN ERLEBEN<\/strong><\/h2>\t\t\t\t\t<\/div>\n\t\t\t\t\t\t<\/div>\n\t\t\t\t<\/div>\n\t\t\t\t\t\t<\/div>\n\t\t\t\t\t<\/div>\n\t\t<\/div>\n\t\t\t\t\t\t\t\t<\/div>\n\t\t\t\t\t<\/div>\n\t\t<\/section>\n\t\t\t\t<section class=\"elementor-section elementor-top-section elementor-element elementor-element-821af5b elementor-section-boxed elementor-section-height-default elementor-section-height-default\" data-id=\"821af5b\" data-element_type=\"section\">\n\t\t\t\t\t\t<div class=\"elementor-container elementor-column-gap-default\">\n\t\t\t\t\t\t\t<div class=\"elementor-row\">\n\t\t\t\t\t<div class=\"elementor-column elementor-col-100 elementor-top-column elementor-element elementor-element-7658c41\" data-id=\"7658c41\" data-element_type=\"column\">\n\t\t\t<div class=\"elementor-column-wrap elementor-element-populated\">\n\t\t\t\t\t\t\t<div class=\"elementor-widget-wrap\">\n\t\t\t\t\t\t<div class=\"elementor-element elementor-element-1d25610 elementor-widget elementor-widget-spacer\" data-id=\"1d25610\" data-element_type=\"widget\" data-widget_type=\"spacer.default\">\n\t\t\t\t<div class=\"elementor-widget-container\">\n\t\t\t\t\t<div class=\"elementor-spacer\">\n\t\t\t<div class=\"elementor-spacer-inner\"><\/div>\n\t\t<\/div>\n\t\t\t\t<\/div>\n\t\t\t\t<\/div>\n\t\t\t\t\t\t<\/div>\n\t\t\t\t\t<\/div>\n\t\t<\/div>\n\t\t\t\t\t\t\t\t<\/div>\n\t\t\t\t\t<\/div>\n\t\t<\/section>\n\t\t\t\t<section class=\"elementor-section elementor-top-section elementor-element elementor-element-ddfc727 elementor-section-boxed elementor-section-height-default elementor-section-height-default\" data-id=\"ddfc727\" data-element_type=\"section\">\n\t\t\t\t\t\t<div class=\"elementor-container elementor-column-gap-default\">\n\t\t\t\t\t\t\t<div class=\"elementor-row\">\n\t\t\t\t\t<div class=\"elementor-column elementor-col-25 elementor-top-column elementor-element elementor-element-abfda56\" data-id=\"abfda56\" data-element_type=\"column\">\n\t\t\t<div class=\"elementor-column-wrap\">\n\t\t\t\t\t\t\t<div class=\"elementor-widget-wrap\">\n\t\t\t\t\t\t\t\t<\/div>\n\t\t\t\t\t<\/div>\n\t\t<\/div>\n\t\t\t\t<div class=\"elementor-column elementor-col-25 elementor-top-column elementor-element elementor-element-2b28d0b\" data-id=\"2b28d0b\" data-element_type=\"column\">\n\t\t\t<div class=\"elementor-column-wrap elementor-element-populated\">\n\t\t\t\t\t\t\t<div class=\"elementor-widget-wrap\">\n\t\t\t\t\t\t<div class=\"elementor-element elementor-element-30ce2b9 elementor-widget elementor-widget-image\" data-id=\"30ce2b9\" data-element_type=\"widget\" data-widget_type=\"image.default\">\n\t\t\t\t<div class=\"elementor-widget-container\">\n\t\t\t\t\t\t\t\t<div class=\"elementor-image\">\n\t\t\t\t\t\t\t\t\t\t\t\t<img decoding=\"async\" width=\"1024\" height=\"339\" src=\"https:\/\/www.lebenshilfe-cham.de\/wp-content\/uploads\/2021\/12\/logo_stadt-cham-1024x339.png\" class=\"attachment-large size-large\" alt=\"\" loading=\"lazy\" srcset=\"https:\/\/www.lebenshilfe-cham.de\/wp-content\/uploads\/2021\/12\/logo_stadt-cham-1024x339.png 1024w, https:\/\/www.lebenshilfe-cham.de\/wp-content\/uploads\/2021\/12\/logo_stadt-cham-e1654147871794.png 300w, https:\/\/www.lebenshilfe-cham.de\/wp-content\/uploads\/2021\/12\/logo_stadt-cham-768x255.png 768w\" sizes=\"(max-width: 1024px) 100vw, 1024px\" \/>\t\t\t\t\t\t\t\t\t\t\t\t\t\t<\/div>\n\t\t\t\t\t\t<\/div>\n\t\t\t\t<\/div>\n\t\t\t\t\t\t<\/div>\n\t\t\t\t\t<\/div>\n\t\t<\/div>\n\t\t\t\t<div class=\"elementor-column elementor-col-25 elementor-top-column elementor-element elementor-element-2671434\" data-id=\"2671434\" data-element_type=\"column\">\n\t\t\t<div class=\"elementor-column-wrap elementor-element-populated\">\n\t\t\t\t\t\t\t<div class=\"elementor-widget-wrap\">\n\t\t\t\t\t\t<div class=\"elementor-element elementor-element-8b90767 elementor-widget elementor-widget-image\" data-id=\"8b90767\" data-element_type=\"widget\" data-widget_type=\"image.default\">\n\t\t\t\t<div class=\"elementor-widget-container\">\n\t\t\t\t\t\t\t\t<div class=\"elementor-image\">\n\t\t\t\t\t\t\t\t\t\t\t\t<img decoding=\"async\" width=\"1024\" height=\"288\" src=\"https:\/\/www.lebenshilfe-cham.de\/wp-content\/uploads\/2020\/11\/Logo-1024x288.png\" class=\"attachment-large size-large\" alt=\"\" loading=\"lazy\" srcset=\"https:\/\/www.lebenshilfe-cham.de\/wp-content\/uploads\/2020\/11\/Logo-1024x288.png 1024w, https:\/\/www.lebenshilfe-cham.de\/wp-content\/uploads\/2020\/11\/Logo-300x84.png 300w, https:\/\/www.lebenshilfe-cham.de\/wp-content\/uploads\/2020\/11\/Logo-768x216.png 768w, https:\/\/www.lebenshilfe-cham.de\/wp-content\/uploads\/2020\/11\/Logo-1536x432.png 1536w, https:\/\/www.lebenshilfe-cham.de\/wp-content\/uploads\/2020\/11\/Logo.png 1890w\" sizes=\"(max-width: 1024px) 100vw, 1024px\" \/>\t\t\t\t\t\t\t\t\t\t\t\t\t\t<\/div>\n\t\t\t\t\t\t<\/div>\n\t\t\t\t<\/div>\n\t\t\t\t\t\t<\/div>\n\t\t\t\t\t<\/div>\n\t\t<\/div>\n\t\t\t\t<div class=\"elementor-column elementor-col-25 elementor-top-column elementor-element elementor-element-e006e3d\" data-id=\"e006e3d\" data-element_type=\"column\">\n\t\t\t<div class=\"elementor-column-wrap\">\n\t\t\t\t\t\t\t<div class=\"elementor-widget-wrap\">\n\t\t\t\t\t\t\t\t<\/div>\n\t\t\t\t\t<\/div>\n\t\t<\/div>\n\t\t\t\t\t\t\t\t<\/div>\n\t\t\t\t\t<\/div>\n\t\t<\/section>\n\t\t\t\t<section class=\"elementor-section elementor-top-section elementor-element elementor-element-304ec52 elementor-section-boxed elementor-section-height-default elementor-section-height-default\" data-id=\"304ec52\" data-element_type=\"section\">\n\t\t\t\t\t\t<div class=\"elementor-container elementor-column-gap-default\">\n\t\t\t\t\t\t\t<div class=\"elementor-row\">\n\t\t\t\t\t<div class=\"elementor-column elementor-col-100 elementor-top-column elementor-element elementor-element-15b79a5\" data-id=\"15b79a5\" data-element_type=\"column\">\n\t\t\t<div class=\"elementor-column-wrap elementor-element-populated\">\n\t\t\t\t\t\t\t<div class=\"elementor-widget-wrap\">\n\t\t\t\t\t\t<div class=\"elementor-element elementor-element-e82196f elementor-widget elementor-widget-spacer\" data-id=\"e82196f\" data-element_type=\"widget\" data-widget_type=\"spacer.default\">\n\t\t\t\t<div class=\"elementor-widget-container\">\n\t\t\t\t\t<div class=\"elementor-spacer\">\n\t\t\t<div class=\"elementor-spacer-inner\"><\/div>\n\t\t<\/div>\n\t\t\t\t<\/div>\n\t\t\t\t<\/div>\n\t\t\t\t\t\t<\/div>\n\t\t\t\t\t<\/div>\n\t\t<\/div>\n\t\t\t\t\t\t\t\t<\/div>\n\t\t\t\t\t<\/div>\n\t\t<\/section>\n\t\t\t\t\t\t<\/div>\n\t\t\t\t\t\t<\/div>\n\t\t\t\t\t<\/div>\n\t\t","protected":false},"excerpt":{"rendered":"<p class=\"excerpt\">Unser Leitbild F\u00fcr uns ist Artikel 1 des Grundgesetzes f\u00fcr die Bundesrepublik Deutschland wichtig: Die W\u00fcrde des Menschen ist unantastbar. Sie zu achten und zu sch\u00fctzen ist Verpflichtung aller staatlichen Gewalt. Diesem Leitsatz f\u00fchlen wir uns verpflichtet und tragen die Visionen und Ziele der Lebenshilfe Deutschland vollumf\u00e4nglich mit. Wir sind Gesellschafter des Augustin Maierhofer Wohnheims [&hellip;]<\/p>\n","protected":false},"author":1,"featured_media":0,"parent":187,"menu_order":2,"comment_status":"closed","ping_status":"closed","template":"template-blank.php","meta":[],"_links":{"self":[{"href":"https:\/\/www.lebenshilfe-cham.de\/index.php?rest_route=\/wp\/v2\/pages\/249"}],"collection":[{"href":"https:\/\/www.lebenshilfe-cham.de\/index.php?rest_route=\/wp\/v2\/pages"}],"about":[{"href":"https:\/\/www.lebenshilfe-cham.de\/index.php?rest_route=\/wp\/v2\/types\/page"}],"author":[{"embeddable":true,"href":"https:\/\/www.lebenshilfe-cham.de\/index.php?rest_route=\/wp\/v2\/users\/1"}],"replies":[{"embeddable":true,"href":"https:\/\/www.lebenshilfe-cham.de\/index.php?rest_route=%2Fwp%2Fv2%2Fcomments&post=249"}],"version-history":[{"count":15,"href":"https:\/\/www.lebenshilfe-cham.de\/index.php?rest_route=\/wp\/v2\/pages\/249\/revisions"}],"predecessor-version":[{"id":764,"href":"https:\/\/www.lebenshilfe-cham.de\/index.php?rest_route=\/wp\/v2\/pages\/249\/revisions\/764"}],"up":[{"embeddable":true,"href":"https:\/\/www.lebenshilfe-cham.de\/index.php?rest_route=\/wp\/v2\/pages\/187"}],"wp:attachment":[{"href":"https:\/\/www.lebenshilfe-cham.de\/index.php?rest_route=%2Fwp%2Fv2%2Fmedia&parent=249"}],"curies":[{"name":"wp","href":"https:\/\/api.w.org\/{rel}","templated":true}]}}