{"id":317,"date":"2020-11-03T07:33:55","date_gmt":"2020-11-03T07:33:55","guid":{"rendered":"http:\/\/lebenshilfe-cham.de\/?page_id=317"},"modified":"2025-03-26T12:31:30","modified_gmt":"2025-03-26T12:31:30","slug":"impressum","status":"publish","type":"page","link":"https:\/\/www.lebenshilfe-cham.de\/?page_id=317","title":{"rendered":"Impressum"},"content":{"rendered":"\t\t<div data-elementor-type=\"wp-page\" data-elementor-id=\"317\" class=\"elementor elementor-317\" data-elementor-settings=\"[]\">\n\t\t\t\t\t\t<div class=\"elementor-inner\">\n\t\t\t\t\t\t\t<div class=\"elementor-section-wrap\">\n\t\t\t\t\t\t\t<section class=\"elementor-section elementor-top-section elementor-element elementor-element-f60d730 elementor-section-boxed elementor-section-height-default elementor-section-height-default\" data-id=\"f60d730\" data-element_type=\"section\">\n\t\t\t\t\t\t<div class=\"elementor-container elementor-column-gap-default\">\n\t\t\t\t\t\t\t<div class=\"elementor-row\">\n\t\t\t\t\t<div class=\"elementor-column elementor-col-100 elementor-top-column elementor-element elementor-element-cee7b6c\" data-id=\"cee7b6c\" data-element_type=\"column\">\n\t\t\t<div class=\"elementor-column-wrap elementor-element-populated\">\n\t\t\t\t\t\t\t<div class=\"elementor-widget-wrap\">\n\t\t\t\t\t\t<div class=\"elementor-element elementor-element-4f40418b elementor-widget elementor-widget-spacer\" data-id=\"4f40418b\" data-element_type=\"widget\" data-widget_type=\"spacer.default\">\n\t\t\t\t<div class=\"elementor-widget-container\">\n\t\t\t\t\t<div class=\"elementor-spacer\">\n\t\t\t<div class=\"elementor-spacer-inner\"><\/div>\n\t\t<\/div>\n\t\t\t\t<\/div>\n\t\t\t\t<\/div>\n\t\t\t\t\t\t<\/div>\n\t\t\t\t\t<\/div>\n\t\t<\/div>\n\t\t\t\t\t\t\t\t<\/div>\n\t\t\t\t\t<\/div>\n\t\t<\/section>\n\t\t\t\t<section class=\"elementor-section elementor-top-section elementor-element elementor-element-4ebf364 elementor-section-boxed elementor-section-height-default elementor-section-height-default\" data-id=\"4ebf364\" data-element_type=\"section\">\n\t\t\t\t\t\t<div class=\"elementor-container elementor-column-gap-default\">\n\t\t\t\t\t\t\t<div class=\"elementor-row\">\n\t\t\t\t\t<div class=\"elementor-column elementor-col-100 elementor-top-column elementor-element elementor-element-50fd344a\" data-id=\"50fd344a\" data-element_type=\"column\">\n\t\t\t<div class=\"elementor-column-wrap elementor-element-populated\">\n\t\t\t\t\t\t\t<div class=\"elementor-widget-wrap\">\n\t\t\t\t\t\t<div class=\"elementor-element elementor-element-39f96a32 elementor-widget elementor-widget-heading\" data-id=\"39f96a32\" data-element_type=\"widget\" data-widget_type=\"heading.default\">\n\t\t\t\t<div class=\"elementor-widget-container\">\n\t\t\t<h2 class=\"elementor-heading-title elementor-size-large\">Impressum<\/h2>\t\t<\/div>\n\t\t\t\t<\/div>\n\t\t\t\t\t\t<\/div>\n\t\t\t\t\t<\/div>\n\t\t<\/div>\n\t\t\t\t\t\t\t\t<\/div>\n\t\t\t\t\t<\/div>\n\t\t<\/section>\n\t\t\t\t<section class=\"elementor-section elementor-top-section elementor-element elementor-element-3137c37b elementor-section-boxed elementor-section-height-default elementor-section-height-default\" data-id=\"3137c37b\" data-element_type=\"section\">\n\t\t\t\t\t\t<div class=\"elementor-container elementor-column-gap-default\">\n\t\t\t\t\t\t\t<div class=\"elementor-row\">\n\t\t\t\t\t<div class=\"elementor-column elementor-col-100 elementor-top-column elementor-element elementor-element-b1a8b93\" data-id=\"b1a8b93\" data-element_type=\"column\">\n\t\t\t<div class=\"elementor-column-wrap elementor-element-populated\">\n\t\t\t\t\t\t\t<div class=\"elementor-widget-wrap\">\n\t\t\t\t\t\t<div class=\"elementor-element elementor-element-14abdf64 elementor-widget elementor-widget-text-editor\" data-id=\"14abdf64\" data-element_type=\"widget\" data-widget_type=\"text-editor.default\">\n\t\t\t\t<div class=\"elementor-widget-container\">\n\t\t\t\t\t\t\t\t<div class=\"elementor-text-editor elementor-clearfix\">\n\t\t\t\t<h2><strong>Lebenshilfe Cham e.V.<\/strong><\/h2>\n<div><em><strong>Lebenshilfe f\u00fcr geistig Behinderte e.V. Cham<\/strong><\/em><br>Hans-Eder-Stra\u00dfe 9<\/div>\n<p>93413 Cham<\/p>\n<p><\/p>\n<p>Tel. 09971 \/ 882-118<\/p>\n<p><a href=\"mailto:info@lebenshilfe-cham.de\">info@lebenshilfe-cham.de<\/a><\/p>\n<p><\/p>\n<p>Vorstand (nach \u00a7 26 BGB): Herr Leo Hackenspiel<\/p>\n<p>Registergericht: Amtsgericht Cham<\/p>\n<p>Vereinsregister: VR 20179 (30.12.1969)<\/p>\n<h2>&nbsp;<\/h2>\n<h2>Verantwortlich f\u00fcr den Inhalt<\/h2>\n<p><\/p>\n<p>gem\u00e4\u00df \u00a7 5 Telemediengesetz:\u2028\u2028 Leo Hackenspiel, \u2028Vorsitzender des Vorstands der Lebenshilfe Cham e.V.<\/p>\n<p>Lebenshilfe Cham e.V.\u2028<\/p>\n<p>Hans-Eder-Stra\u00dfe 9<\/p>\n<p>93413 Cham<\/p>\n<p>Tel. 09971 \/ 882-118<\/p>\n<p><a href=\"mailto:info@lebenshilfe-cham.de\">info@lebenshilfe-cham.de<\/a><\/p>\n<h2>&nbsp;<\/h2>\n<h2>Herausgeber<\/h2>\n<p><\/p>\n<p>Lebenshilfe Cham e.V. &#8211; nachfolgend auch Inhaber der Domain genannt\u2028\u2028<\/p>\n<p><strong>&nbsp;<\/strong><\/p>\n<p><strong>Wichtige Hinweise:\u2028\u2028<\/strong><\/p>\n<p><strong>&nbsp;<\/strong><\/p>\n<p><strong>Herunterladen von Daten und Software\u2028<\/strong><br>Der Inhaber der Domain \u00fcbernimmt keine Gew\u00e4hr f\u00fcr die Fehlerfreiheit von Daten und Software, die von den Internetseiten heruntergeladen werden k\u00f6nnen. Die Software wird von dem Inhaber der Domain auf Virenbefall \u00fcberpr\u00fcft. Wir empfehlen dennoch, Daten und Software nach dem Herunterladen auf Virenbefall mit jeweils neuster Virensuchsoftware zu pr\u00fcfen.\u2028\u2028<\/p>\n<p><strong>&nbsp;<\/strong><\/p>\n<p><strong>Urheberrechte und sonstige Sonderschutzrechte<\/strong> \u2028<br>Der Inhalt dieser Internetseiten ist urheberrechtlich gesch\u00fctzt. Es darf eine Kopie der Informationen der Internetseiten auf einem einzigen Computer f\u00fcr den nicht-kommerziellen und pers\u00f6nlichen internen Gebrauch gespeichert werden. Grafiken, Texte, Logos, Bilder usw. d\u00fcrfen nur nach schriftlicher Genehmigung durch den Inhaber der Domain heruntergeladen, vervielf\u00e4ltigt, kopiert, ge\u00e4ndert, ver\u00f6ffentlicht, versendet, \u00fcbertragen oder in sonstiger Form genutzt werden. Bei genannten Produkt- und Firmennamen kann es sich um eingetragene Warenzeichen oder Marken handeln. Die unberechtigte Verwendung kann zu Schadensersatzanspr\u00fcchen und Unterlassungsanspr\u00fcchen f\u00fchren.\u2028\u2028<\/p>\n<p><strong>&nbsp;<\/strong><\/p>\n<p><strong>Haftung<\/strong> \u2028<br>Der Inhaber der Domain haftet nicht f\u00fcr Sch\u00e4den insbesondere nicht f\u00fcr unmittelbare oder mittelbare Folgesch\u00e4den, Datenverlust, entgangenen Gewinn, System- oder Produktionsausf\u00e4lle, die durch die Nutzung dieser Internetseiten oder das Herunterladen von Daten entstehen. Liegt bei einem entstandenen Schaden durch die Nutzung der Internetseiten oder das Herunterladen von Daten Vorsatz oder grobe Fahrl\u00e4ssigkeit vor, gilt der Haftungsausschluss nicht. Die durch die Nutzung der Internetseiten entstandene Rechtsbeziehung zwischen Ihnen und dem Inhaber der Domain unterliegt dem Recht der Bundesrepublik Deutschland. Bei Rechtsstreitigkeiten mit Vollkaufleuten, die aus der Nutzung dieser Internetseiten resultieren, ist der Gerichtsstand der Sitz des Inhabers der Domain.\u2028\u2028<\/p>\n<p><strong>&nbsp;<\/strong><\/p>\n<p><strong>Alternative Streitbeilegung in Verbraucherstreitf\u00e4llen<\/strong> \u2028<br>Die Lebenshilfe Cham e.V. erkl\u00e4rt sich im Vorhinein nicht bereit zur Teilnahme an Streitbeilegungsverfahren vor Verbraucherschlichtungsstellen im Sinne von \u00a7 36 Abs. 1 Verbraucherstreitbeilegungsgesetz (VSBG).\u2028Davon unber\u00fchrt ist die M\u00f6glichkeit der Streitbeilegung durch eine Verbraucherschlichtungsstelle im Rahmen einer konkreten Streitigkeit bei Zustimmung beider Vertragsparteien (\u00a7 37 VSBG).\u2028\u2028<\/p>\n<p><strong>&nbsp;<\/strong><\/p>\n<p><strong>Hinweis zur Online-Streitbeilegung (OS)\u2028<\/strong><br>Die Europ\u00e4ische Kommission hat eine Plattform zur Online-Streitbeilegung (OS) f\u00fcr Internet-Shops bereitgestellt. \u2028Der Link dazu lautet: http:\/\/ec.europa.eu\/consumers\/odr\/\u2028\u2028<\/p>\n<p><strong>&nbsp;<\/strong><\/p>\n<p><strong>Links zu anderen Websites<\/strong> \u2028<br>Die Webseiten des Inhabers der Domain enthalten gegebenenfalls Links zu anderen Websites. Der Inhaber der Domain hat keinen Einfluss auf den redaktionellen Inhalt fremder Webseiten und darauf, dass deren Betreiber die Datenschutzbestimmungen einhalten.<\/p>\n<p><\/p>\t\t\t\t\t<\/div>\n\t\t\t\t\t\t<\/div>\n\t\t\t\t<\/div>\n\t\t\t\t\t\t<\/div>\n\t\t\t\t\t<\/div>\n\t\t<\/div>\n\t\t\t\t\t\t\t\t<\/div>\n\t\t\t\t\t<\/div>\n\t\t<\/section>\n\t\t\t\t<section class=\"elementor-section elementor-top-section elementor-element elementor-element-6c86bb3c elementor-section-boxed elementor-section-height-default elementor-section-height-default\" data-id=\"6c86bb3c\" data-element_type=\"section\">\n\t\t\t\t\t\t<div class=\"elementor-container elementor-column-gap-default\">\n\t\t\t\t\t\t\t<div class=\"elementor-row\">\n\t\t\t\t\t<div class=\"elementor-column elementor-col-100 elementor-top-column elementor-element elementor-element-6a64b67a\" data-id=\"6a64b67a\" data-element_type=\"column\">\n\t\t\t<div class=\"elementor-column-wrap elementor-element-populated\">\n\t\t\t\t\t\t\t<div class=\"elementor-widget-wrap\">\n\t\t\t\t\t\t<div class=\"elementor-element elementor-element-6b1e6fbd elementor-widget elementor-widget-spacer\" data-id=\"6b1e6fbd\" data-element_type=\"widget\" data-widget_type=\"spacer.default\">\n\t\t\t\t<div class=\"elementor-widget-container\">\n\t\t\t\t\t<div class=\"elementor-spacer\">\n\t\t\t<div class=\"elementor-spacer-inner\"><\/div>\n\t\t<\/div>\n\t\t\t\t<\/div>\n\t\t\t\t<\/div>\n\t\t\t\t\t\t<\/div>\n\t\t\t\t\t<\/div>\n\t\t<\/div>\n\t\t\t\t\t\t\t\t<\/div>\n\t\t\t\t\t<\/div>\n\t\t<\/section>\n\t\t\t\t\t\t<\/div>\n\t\t\t\t\t\t<\/div>\n\t\t\t\t\t<\/div>\n\t\t","protected":false},"excerpt":{"rendered":"<p class=\"excerpt\">Impressum Lebenshilfe Cham e.V. Lebenshilfe f\u00fcr geistig Behinderte e.V. ChamHans-Eder-Stra\u00dfe 9 93413 Cham Tel. 09971 \/ 882-118 info@lebenshilfe-cham.de Vorstand (nach \u00a7 26 BGB): Herr Leo Hackenspiel Registergericht: Amtsgericht Cham Vereinsregister: VR 20179 (30.12.1969) &nbsp; Verantwortlich f\u00fcr den Inhalt gem\u00e4\u00df \u00a7 5 Telemediengesetz:\u2028\u2028 Leo Hackenspiel, \u2028Vorsitzender des Vorstands der Lebenshilfe Cham e.V. Lebenshilfe Cham e.V.\u2028 Hans-Eder-Stra\u00dfe [&hellip;]<\/p>\n","protected":false},"author":1,"featured_media":0,"parent":0,"menu_order":0,"comment_status":"closed","ping_status":"closed","template":"template-blank.php","meta":[],"_links":{"self":[{"href":"https:\/\/www.lebenshilfe-cham.de\/index.php?rest_route=\/wp\/v2\/pages\/317"}],"collection":[{"href":"https:\/\/www.lebenshilfe-cham.de\/index.php?rest_route=\/wp\/v2\/pages"}],"about":[{"href":"https:\/\/www.lebenshilfe-cham.de\/index.php?rest_route=\/wp\/v2\/types\/page"}],"author":[{"embeddable":true,"href":"https:\/\/www.lebenshilfe-cham.de\/index.php?rest_route=\/wp\/v2\/users\/1"}],"replies":[{"embeddable":true,"href":"https:\/\/www.lebenshilfe-cham.de\/index.php?rest_route=%2Fwp%2Fv2%2Fcomments&post=317"}],"version-history":[{"count":21,"href":"https:\/\/www.lebenshilfe-cham.de\/index.php?rest_route=\/wp\/v2\/pages\/317\/revisions"}],"predecessor-version":[{"id":956,"href":"https:\/\/www.lebenshilfe-cham.de\/index.php?rest_route=\/wp\/v2\/pages\/317\/revisions\/956"}],"wp:attachment":[{"href":"https:\/\/www.lebenshilfe-cham.de\/index.php?rest_route=%2Fwp%2Fv2%2Fmedia&parent=317"}],"curies":[{"name":"wp","href":"https:\/\/api.w.org\/{rel}","templated":true}]}}